{"id":1096,"date":"2016-02-08T12:18:34","date_gmt":"2016-02-08T11:18:34","guid":{"rendered":"http:\/\/www.classicclubitalia.it\/new\/?page_id=1096"},"modified":"2016-02-08T12:18:34","modified_gmt":"2016-02-08T11:18:34","slug":"privacy-trattamento-dati-personali","status":"publish","type":"page","link":"https:\/\/www.classicclubitalia.it\/classic\/privacy-trattamento-dati-personali\/","title":{"rendered":"Privacy &#8211; Trattamento dati personali"},"content":{"rendered":"<p>Informativa sul trattamento dei dati personali<\/p>\n<p>Ai sensi dell\u2019art. 13 del D.Lgs. n. 196\/2003, si forniscono informazioni dettagliate sulle modalit\u00e0 di trattamento dei dati personali da parte del sito Classic Club Italia.<\/p>\n<p>1. FINALIT\u00c0 DEL TRATTAMENTO<br \/>\nI dati personali ed identificativi forniti al momento dell\u2019iscrizione attraverso la compilazione dell\u2019apposito form saranno trattati nel rispetto delle disposizioni di cui al D.Lgs. n. 196\/2003.<br \/>\nLa raccolta ed il trattamento di tali dati saranno effettuati ai fini dell&#8217;iscrizione al sito Classic Club Italia e la gestione dell&#8217;account (recupero password dimenticate, eccetera). Potranno inoltre essere utilizzati per l\u2019invio di comunicazioni inerenti il sito stesso, nonch\u00e9 notizie, iniziative ed eventi riguardanti il Classic Club Italia. \u00c8 escluso l\u2019invio di pubblicit\u00e0 commerciale, nonch\u00e9 di materiale finalizzato alla vendita diretta e\/o al compimento di ricerche di mercato.<\/p>\n<p>2. MODALIT\u00c0 DEL TRATTAMENTO<br \/>\nIl trattamento dei dati sar\u00e0 realizzato:<br \/>\na) attraverso operazioni o complessi di operazioni indicate dall&#8217;art. 4 del D.Lgs. n. 196\/2003;<br \/>\nb) con l&#8217;ausilio di mezzi elettronici idonei a garantirne la sicurezza e la riservatezza;<br \/>\nc) direttamente dall&#8217;amministratore del sito o da personale da questi incaricato.<\/p>\n<p>3. COMUNICAZIONE E DIFFUSIONE DEI DATI<br \/>\nI dati non saranno comunicati ad altri soggetti, n\u00e9 oggetto di diffusione.<\/p>\n<p>4. NATURA DEL CONFERIMENTO E CONSEGUENZE DEL RIFIUTO<br \/>\nIl conferimento dei dati \u00e8 facoltativo. Tuttavia il rifiuto al conferimento per le finalit\u00e0 di cui all&#8217;art. 1 determina l&#8217;impossibilit\u00e0 di completare la procedura di iscrizione al sito Classic Club Italia ed ai servizi ad esso collegati.<\/p>\n<p>5. TITOLARE DEL TRATTAMENTO<br \/>\nTitolare e responsabile del trattamento dei dati \u00e8 l&#8217;amministratore pro tempore del sito Classic Club Italia, contattabile all&#8217;indirizzo email info@classicclub.it<\/p>\n<p>6. DIRITTI DELL&#8217;INTERESSATO<br \/>\nScrivendo all\u2019amministratore del sito, \u00e8 possibile in ogni momento esercitare i diritti attribuiti dall&#8217;art. 7 del D.Lgs. n.196\/2003, che riportiamo qui di seguito:<br \/>\nArt. 7. Diritto di accesso ai dati personali ed altri diritti<br \/>\n1. L&#8217;interessato ha diritto di ottenere la conferma dell&#8217;esistenza o meno di dati personali che lo riguardano, anche se non ancora registrati, e la loro comunicazione in forma intelligibile.<br \/>\n2. L&#8217;interessato ha diritto di ottenere l&#8217;indicazione:<br \/>\na) dell&#8217;origine dei dati personali;<br \/>\nb) delle finalit\u00e0 e modalit\u00e0 del trattamento;<br \/>\nc) della logica applicata in caso di trattamento effettuato con l&#8217;ausilio di strumenti elettronici;<br \/>\nd) degli estremi identificativi del titolare, dei responsabili e del rappresentante designato ai sensi dell&#8217;articolo 5, comma 2;<br \/>\ne) dei soggetti o delle categorie di soggetti ai quali i dati personali possono essere comunicati o che possono venirne a conoscenza in qualit\u00e0 di rappresentante designato nel territorio dello Stato, di responsabili o incaricati.<br \/>\n3. L&#8217;interessato ha diritto di ottenere:<br \/>\na) l&#8217;aggiornamento, la rettificazione ovvero, quando vi ha interesse, l&#8217;integrazione dei dati;<br \/>\nb) la cancellazione, la trasformazione in forma anonima o il blocco dei dati trattati in violazione di legge, compresi quelli di cui non \u00e8 necessaria la conservazione in relazione agli scopi per i quali i dati sono stati raccolti o successivamente trattati;<br \/>\nc) l&#8217;attestazione che le operazioni di cui alle lettere a) e b) sono state portate a conoscenza, anche per quanto riguarda il loro contenuto, di coloro ai quali i dati sono stati comunicati o diffusi, eccettuato il caso in cui tale adempimento si rivela impossibile o comporta un impiego di mezzi manifestamente sproporzionato rispetto al diritto tutelato.<br \/>\n4. L&#8217;interessato ha diritto di opporsi, in tutto o in parte:<br \/>\na) per motivi legittimi al trattamento dei dati personali che lo riguardano, oltre che pertinenti allo scopo della raccolta;<br \/>\nb) al trattamento di dati personali che lo riguardano a fini di invio di materiale pubblicitario o di vendita diretta o per il compimento di ricerche di mercato o di comunicazione commerciale.<\/p>\n","protected":false},"excerpt":{"rendered":"<p>Informativa sul trattamento dei dati personali Ai sensi dell\u2019art. 13 del D.Lgs. n. 196\/2003, si forniscono informazioni dettagliate sulle modalit\u00e0 di trattamento dei dati personali da parte del sito Classic Club Italia. 1. FINALIT\u00c0 DEL TRATTAMENTO I dati personali ed identificativi forniti al momento dell\u2019iscrizione attraverso la compilazione dell\u2019apposito form saranno trattati nel rispetto delle [&hellip;]<\/p>\n","protected":false},"author":1,"featured_media":0,"parent":0,"menu_order":0,"comment_status":"closed","ping_status":"closed","template":"","meta":{"pgc_sgb_lightbox_settings":"","footnotes":""},"class_list":["post-1096","page","type-page","status-publish","czr-hentry"],"_links":{"self":[{"href":"https:\/\/www.classicclubitalia.it\/classic\/wp-json\/wp\/v2\/pages\/1096","targetHints":{"allow":["GET"]}}],"collection":[{"href":"https:\/\/www.classicclubitalia.it\/classic\/wp-json\/wp\/v2\/pages"}],"about":[{"href":"https:\/\/www.classicclubitalia.it\/classic\/wp-json\/wp\/v2\/types\/page"}],"author":[{"embeddable":true,"href":"https:\/\/www.classicclubitalia.it\/classic\/wp-json\/wp\/v2\/users\/1"}],"replies":[{"embeddable":true,"href":"https:\/\/www.classicclubitalia.it\/classic\/wp-json\/wp\/v2\/comments?post=1096"}],"version-history":[{"count":0,"href":"https:\/\/www.classicclubitalia.it\/classic\/wp-json\/wp\/v2\/pages\/1096\/revisions"}],"wp:attachment":[{"href":"https:\/\/www.classicclubitalia.it\/classic\/wp-json\/wp\/v2\/media?parent=1096"}],"curies":[{"name":"wp","href":"https:\/\/api.w.org\/{rel}","templated":true}]}}